{"id":4890,"date":"2022-04-05T13:54:29","date_gmt":"2022-04-05T13:54:29","guid":{"rendered":"https:\/\/patiotime.loftocean.com\/demo2\/?page_id=4890"},"modified":"2024-09-06T16:14:34","modified_gmt":"2024-09-06T16:14:34","slug":"um","status":"publish","type":"page","link":"https:\/\/www.marion.do\/de\/um\/","title":{"rendered":"Um"},"content":{"rendered":"<div data-elementor-type=\"wp-page\" data-elementor-id=\"4890\" class=\"elementor elementor-4890\" data-elementor-post-type=\"page\">\n\t\t\t\t\t\t<section class=\"elementor-section elementor-top-section elementor-element elementor-element-45fed3cf pt-section-content-fullwidth pt_scroll_y_180 pt-parallax-on-scroll elementor-section-boxed elementor-section-height-default elementor-section-height-default\" data-id=\"45fed3cf\" data-element_type=\"section\" data-e-type=\"section\" data-settings=\"{&quot;background_background&quot;:&quot;classic&quot;,&quot;shape_divider_bottom&quot;:&quot;split&quot;}\" data-pt-parallax-y=\"180\" style=\"background-image: none;\" data-pt-background-image=\"https:\/\/patiotime.loftocean.com\/demo8\/wp-content\/uploads\/sites\/5\/2022\/04\/snezhana-hulak-TUcAOOHdMek-unsplash-2.jpg\">\n\t\t\t\t\t\t\t<div class=\"elementor-background-overlay\"><\/div>\n\t\t\t\t\t\t<div class=\"elementor-shape elementor-shape-bottom\" aria-hidden=\"true\" data-negative=\"false\">\n\t\t\t<svg xmlns=\"http:\/\/www.w3.org\/2000\/svg\" viewbox=\"0 0 1000 20\" preserveaspectratio=\"none\">\n\t<path class=\"elementor-shape-fill\" d=\"M0,0v3c0,0,393.8,0,483.4,0c9.2,0,16.6,7.4,16.6,16.6c0-9.1,7.4-16.6,16.6-16.6C606.2,3,1000,3,1000,3V0H0z\"\/>\n<\/svg>\t\t<\/div>\n\t\t\t\t\t<div class=\"elementor-container elementor-column-gap-no\">\n\t\t\t\t\t<div class=\"elementor-column elementor-col-100 elementor-top-column elementor-element elementor-element-534bfec1 dark-color\" data-id=\"534bfec1\" data-element_type=\"column\" data-e-type=\"column\">\n\t\t\t<div class=\"elementor-widget-wrap elementor-element-populated\">\n\t\t\t\t\t\t<div class=\"elementor-element elementor-element-2be3b49b elementor-widget elementor-widget-pt_title\" data-id=\"2be3b49b\" data-element_type=\"widget\" data-e-type=\"widget\" data-widget_type=\"pt_title.default\">\n\t\t\t\t<div class=\"elementor-widget-container\">\n\t\t\t\t\t\n        <div class=\"pt-title-wrap text-center\">\t            <h1 class=\"pt-title\">\n\t                \u00dcber uns\t            <\/h1>        <\/div>\t\t\t\t<\/div>\n\t\t\t\t<\/div>\n\t\t\t\t\t<\/div>\n\t\t<\/div>\n\t\t\t\t\t<\/div>\n\t\t<\/section>\n\t\t\t\t<section class=\"elementor-section elementor-top-section elementor-element elementor-element-228c9559 pt-animation-medium-offset elementor-section-boxed elementor-section-height-default elementor-section-height-default elementor-invisible\" data-id=\"228c9559\" data-element_type=\"section\" data-e-type=\"section\" data-settings=\"{&quot;animation&quot;:&quot;fadeInUp&quot;,&quot;animation_delay&quot;:300}\">\n\t\t\t\t\t\t<div class=\"elementor-container elementor-column-gap-no\">\n\t\t\t\t\t<div class=\"elementor-column elementor-col-25 elementor-top-column elementor-element elementor-element-3a6cccba\" data-id=\"3a6cccba\" data-element_type=\"column\" data-e-type=\"column\">\n\t\t\t<div class=\"elementor-widget-wrap elementor-element-populated\">\n\t\t\t\t\t\t<div class=\"elementor-element elementor-element-276e6ea8 elementor-tablet-align-center elementor-widget elementor-widget-pt_rounded_image\" data-id=\"276e6ea8\" data-element_type=\"widget\" data-e-type=\"widget\" data-widget_type=\"pt_rounded_image.default\">\n\t\t\t\t<div class=\"elementor-widget-container\">\n\t\t\t\t\t\t\t\t\t<div class=\"pt-rounded-image\" style=\"border-radius: var(--rounded) var(--rounded) 0 0;\">\n\t\t\t\t\t\t\t\t\t\t<img fetchpriority=\"high\" decoding=\"async\" width=\"1707\" height=\"2560\" src=\"https:\/\/www.marion.do\/wp-content\/uploads\/2024\/09\/DSC_2749-scaled.jpg\" class=\"attachment-full size-full wp-image-7208\" alt=\"\" srcset=\"https:\/\/www.marion.do\/wp-content\/uploads\/2024\/09\/DSC_2749-scaled.jpg 1707w, https:\/\/www.marion.do\/wp-content\/uploads\/2024\/09\/DSC_2749-200x300.jpg 200w, https:\/\/www.marion.do\/wp-content\/uploads\/2024\/09\/DSC_2749-683x1024.jpg 683w, https:\/\/www.marion.do\/wp-content\/uploads\/2024\/09\/DSC_2749-768x1152.jpg 768w, https:\/\/www.marion.do\/wp-content\/uploads\/2024\/09\/DSC_2749-1024x1536.jpg 1024w, https:\/\/www.marion.do\/wp-content\/uploads\/2024\/09\/DSC_2749-1365x2048.jpg 1365w, https:\/\/www.marion.do\/wp-content\/uploads\/2024\/09\/DSC_2749-8x12.jpg 8w, https:\/\/www.marion.do\/wp-content\/uploads\/2024\/09\/DSC_2749-1920x2880.jpg 1920w, https:\/\/www.marion.do\/wp-content\/uploads\/2024\/09\/DSC_2749-1440x2160.jpg 1440w, https:\/\/www.marion.do\/wp-content\/uploads\/2024\/09\/DSC_2749-1200x1800.jpg 1200w, https:\/\/www.marion.do\/wp-content\/uploads\/2024\/09\/DSC_2749-780x1170.jpg 780w, https:\/\/www.marion.do\/wp-content\/uploads\/2024\/09\/DSC_2749-600x900.jpg 600w, https:\/\/www.marion.do\/wp-content\/uploads\/2024\/09\/DSC_2749-550x825.jpg 550w, https:\/\/www.marion.do\/wp-content\/uploads\/2024\/09\/DSC_2749-370x555.jpg 370w, https:\/\/www.marion.do\/wp-content\/uploads\/2024\/09\/DSC_2749-255x383.jpg 255w, https:\/\/www.marion.do\/wp-content\/uploads\/2024\/09\/DSC_2749-100x150.jpg 100w\" sizes=\"(max-width: 1707px) 100vw, 1707px\" \/>\t\t\t\t\t\t\t\t\t<\/div>\t\t\t\t<\/div>\n\t\t\t\t<\/div>\n\t\t\t\t\t<\/div>\n\t\t<\/div>\n\t\t\t\t<div class=\"elementor-column elementor-col-25 elementor-top-column elementor-element elementor-element-3610bf36 elementor-hidden-tablet elementor-hidden-mobile\" data-id=\"3610bf36\" data-element_type=\"column\" data-e-type=\"column\">\n\t\t\t<div class=\"elementor-widget-wrap elementor-element-populated\">\n\t\t\t\t\t\t<div class=\"elementor-element elementor-element-2a1641bf full-height elementor-widget elementor-widget-pt_vertical_divider\" data-id=\"2a1641bf\" data-element_type=\"widget\" data-e-type=\"widget\" data-widget_type=\"pt_vertical_divider.default\">\n\t\t\t\t<div class=\"elementor-widget-container\">\n\t\t\t\t\t\n        <div class=\"pt-vertical-divider divider-grass\">                <div class=\"pt-vd-icon icon-start\">                    <svg xmlns=\"http:\/\/www.w3.org\/2000\/svg\" viewbox=\"0 0 31.06 29.67\">\n                        <path d=\"M36.53,21.85,31.78,18s-7.5.83-9.68,16.39C22.1,34.34,25.7,21.66,36.53,21.85Z\" transform=\"translate(-5.47 -4.66)\"><\/path>\n                        <path class=\"cls-1\" d=\"M5.47,21.85,10.22,18s7.5.83,9.68,16.39C19.9,34.34,16.3,21.66,5.47,21.85Z\" transform=\"translate(-5.47 -4.66)\"><\/path>\n                        <polygon class=\"cls-1\" points=\"15.53 0 18.66 6.56 15.53 22.16 12.39 6.56 15.53 0\"><\/polygon>\n                    <\/svg>                <\/div>            <div class=\"pt-vd-line\"><\/div>                <div class=\"pt-vd-icon icon-end\">                    <svg xmlns=\"http:\/\/www.w3.org\/2000\/svg\" viewbox=\"0 0 31.06 29.67\">\n                        <path d=\"M36.53,21.85,31.78,18s-7.5.83-9.68,16.39C22.1,34.34,25.7,21.66,36.53,21.85Z\" transform=\"translate(-5.47 -4.66)\"><\/path>\n                        <path class=\"cls-1\" d=\"M5.47,21.85,10.22,18s7.5.83,9.68,16.39C19.9,34.34,16.3,21.66,5.47,21.85Z\" transform=\"translate(-5.47 -4.66)\"><\/path>\n                        <polygon class=\"cls-1\" points=\"15.53 0 18.66 6.56 15.53 22.16 12.39 6.56 15.53 0\"><\/polygon>\n                    <\/svg>                <\/div>        <\/div>\t\t\t\t<\/div>\n\t\t\t\t<\/div>\n\t\t\t\t\t<\/div>\n\t\t<\/div>\n\t\t\t\t<div class=\"elementor-column elementor-col-50 elementor-top-column elementor-element elementor-element-781998d5\" data-id=\"781998d5\" data-element_type=\"column\" data-e-type=\"column\">\n\t\t\t<div class=\"elementor-widget-wrap elementor-element-populated\">\n\t\t\t\t\t\t<div class=\"elementor-element elementor-element-7defe9da elementor-widget elementor-widget-pt_title\" data-id=\"7defe9da\" data-element_type=\"widget\" data-e-type=\"widget\" data-widget_type=\"pt_title.default\">\n\t\t\t\t<div class=\"elementor-widget-container\">\n\t\t\t\t\t\n        <div class=\"pt-title-wrap text-center-mobile\">\t            <div class=\"pt-subtitle-wrap\"><span class=\"pt-subtitle color-secondary style-bordered\">Hallo! Willkommen im Caf\u00e9 Mari\u00f3n<\/span><\/div>\t            <h4 class=\"pt-title\">\n\t                Unsere Geschichte\t            <\/h4>\t            <div class=\"pt-title-text\">\n\t                <p>Das Caf\u00e9 Mari\u00f3n ist eine charmante, gem\u00fctliche Oase im Herzen von Cabarete, die die Essenz authentischer dominikanischer K\u00fcche einf\u00e4ngt. Vom ersten Moment an werden Sie von einer warmen, einladenden Atmosph\u00e4re begr\u00fc\u00dft, in der lebendige Farben und traditionelle Elemente die dominikanische Kultur mit einem europ\u00e4ischen Touch widerspiegeln. Unser Boutique-Caf\u00e9 zelebriert die reiche Vielfalt dieser exotischen Gemeinschaft und bietet ein umfassendes Erlebnis, das sich durch hohe Qualit\u00e4ts- und Servicestandards auszeichnet.<\/p>\t            <\/div>                <div class=\"pt-title-btn\">\n                    <a class=\"button elementor-button-link pt-btn-color-secondary\" role=\"button\" href=\"https:\/\/patiotime.loftocean.com\/demo8\/menus\/\">\n                        <span class=\"pt-btn-text\">Men\u00fcs anzeigen<\/span>\n                    <\/a>\n                <\/div>\n                    <\/div>\t\t\t\t<\/div>\n\t\t\t\t<\/div>\n\t\t\t\t\t<\/div>\n\t\t<\/div>\n\t\t\t\t\t<\/div>\n\t\t<\/section>\n\t\t\t\t<section class=\"elementor-section elementor-top-section elementor-element elementor-element-2d056e72 elementor-section-full_width elementor-section-height-default elementor-section-height-default\" data-id=\"2d056e72\" data-element_type=\"section\" data-e-type=\"section\">\n\t\t\t\t\t\t<div class=\"elementor-container elementor-column-gap-no\">\n\t\t\t\t\t<div class=\"elementor-column elementor-col-100 elementor-top-column elementor-element elementor-element-17d122db\" data-id=\"17d122db\" data-element_type=\"column\" data-e-type=\"column\">\n\t\t\t<div class=\"elementor-widget-wrap elementor-element-populated\">\n\t\t\t\t\t\t<div class=\"elementor-element elementor-element-24e353d7 elementor-widget elementor-widget-pt_instagram\" data-id=\"24e353d7\" data-element_type=\"widget\" data-e-type=\"widget\" data-widget_type=\"pt_instagram.default\">\n\t\t\t\t<div class=\"elementor-widget-container\">\n\t\t\t\t\t\n        <div class=\"pt-instagram column-mosaic small-gap\">\t                <div class=\"pt-instagram-title\">\t                        <a href=\"https:\/\/www.instagram.com\/marion.cafe\/\" target=\"_blank\" rel=\"noopener\">Folge uns auf Instagram\t                        <\/a>\t                <\/div>\t                <ul>\t                        <li>\n\t                        \t\t                        \t\t<div class=\"feed-bg\" style=\"background-image:url(https:\/\/www.marion.do\/wp-content\/uploads\/2024\/09\/IMG_8364-scaled.jpg);\"><\/div>\n\t                        \t\t                        <\/li>\t                        <li>\n\t                        \t\t                        \t\t<div class=\"feed-bg\" style=\"background-image:url(https:\/\/www.marion.do\/wp-content\/uploads\/2024\/09\/DSC_2682-scaled.jpg);\"><\/div>\n\t                        \t\t                        <\/li>\t                        <li>\n\t                        \t\t                        \t\t<div class=\"feed-bg\" style=\"background-image:url(https:\/\/www.marion.do\/wp-content\/uploads\/2024\/09\/DSC_2662-scaled.jpg);\"><\/div>\n\t                        \t\t                        <\/li>\t                        <li>\n\t                        \t\t                        \t\t<div class=\"feed-bg\" style=\"background-image:url(https:\/\/www.marion.do\/wp-content\/uploads\/2024\/09\/MAR_3622-scaled.jpg);\"><\/div>\n\t                        \t\t                        <\/li>\t                        <li>\n\t                        \t\t                        \t\t<div class=\"feed-bg\" style=\"background-image:url(https:\/\/www.marion.do\/wp-content\/uploads\/2024\/09\/MAR_3606-scaled.jpg);\"><\/div>\n\t                        \t\t                        <\/li>\t                        <li>\n\t                        \t\t                        \t\t<div class=\"feed-bg\" style=\"background-image:url(https:\/\/www.marion.do\/wp-content\/uploads\/2024\/09\/MAR_3596-scaled.jpg);\"><\/div>\n\t                        \t\t                        <\/li>\t                        <li>\n\t                        \t\t                        \t\t<div class=\"feed-bg\" style=\"background-image:url(https:\/\/www.marion.do\/wp-content\/uploads\/2024\/09\/MAR_3589-scaled.jpg);\"><\/div>\n\t                        \t\t                        <\/li>\t                        <li>\n\t                        \t\t                        \t\t<div class=\"feed-bg\" style=\"background-image:url(https:\/\/www.marion.do\/wp-content\/uploads\/2024\/09\/MAR_3576-scaled.jpg);\"><\/div>\n\t                        \t\t                        <\/li>\t                        <li>\n\t                        \t\t                        \t\t<div class=\"feed-bg\" style=\"background-image:url(https:\/\/www.marion.do\/wp-content\/uploads\/2024\/09\/MAR_3569-scaled.jpg);\"><\/div>\n\t                        \t\t                        <\/li>\t                        <li>\n\t                        \t\t                        \t\t<div class=\"feed-bg\" style=\"background-image:url(https:\/\/www.marion.do\/wp-content\/uploads\/2024\/09\/MAR_3535-scaled.jpg);\"><\/div>\n\t                        \t\t                        <\/li>\t                        <li>\n\t                        \t\t                        \t\t<div class=\"feed-bg\" style=\"background-image:url(https:\/\/www.marion.do\/wp-content\/uploads\/2024\/09\/MAR_3528-1-scaled.jpg);\"><\/div>\n\t                        \t\t                        <\/li>\t                        <li>\n\t                        \t\t                        \t\t<div class=\"feed-bg\" style=\"background-image:url(https:\/\/www.marion.do\/wp-content\/uploads\/2024\/09\/MAR_3519-scaled.jpg);\"><\/div>\n\t                        \t\t                        <\/li>\t                        <li>\n\t                        \t\t                        \t\t<div class=\"feed-bg\" style=\"background-image:url(https:\/\/www.marion.do\/wp-content\/uploads\/2024\/09\/MAR_3492-scaled.jpg);\"><\/div>\n\t                        \t\t                        <\/li>\t                        <li>\n\t                        \t\t                        \t\t<div class=\"feed-bg\" style=\"background-image:url(https:\/\/www.marion.do\/wp-content\/uploads\/2024\/09\/IMG_8438-scaled.jpg);\"><\/div>\n\t                        \t\t                        <\/li>\t                        <li>\n\t                        \t\t                        \t\t<div class=\"feed-bg\" style=\"background-image:url(https:\/\/www.marion.do\/wp-content\/uploads\/2024\/09\/IMG_8412-scaled.jpg);\"><\/div>\n\t                        \t\t                        <\/li>\t                <\/ul>        <\/div>\t\t\t\t<\/div>\n\t\t\t\t<\/div>\n\t\t\t\t\t<\/div>\n\t\t<\/div>\n\t\t\t\t\t<\/div>\n\t\t<\/section>\n\t\t\t\t<section class=\"elementor-section elementor-top-section elementor-element elementor-element-39e1e66 elementor-reverse-mobile pt-animation-medium-offset elementor-section-boxed elementor-section-height-default elementor-section-height-default elementor-invisible\" data-id=\"39e1e66\" data-element_type=\"section\" data-e-type=\"section\" data-settings=\"{&quot;animation&quot;:&quot;fadeInUp&quot;,&quot;animation_delay&quot;:300}\">\n\t\t\t\t\t\t<div class=\"elementor-container elementor-column-gap-no\">\n\t\t\t\t\t<div class=\"elementor-column elementor-col-25 elementor-top-column elementor-element elementor-element-5859dd3\" data-id=\"5859dd3\" data-element_type=\"column\" data-e-type=\"column\">\n\t\t\t<div class=\"elementor-widget-wrap elementor-element-populated\">\n\t\t\t\t\t\t<div class=\"elementor-element elementor-element-bea6602 elementor-widget elementor-widget-pt_title\" data-id=\"bea6602\" data-element_type=\"widget\" data-e-type=\"widget\" data-widget_type=\"pt_title.default\">\n\t\t\t\t<div class=\"elementor-widget-container\">\n\t\t\t\t\t\n        <div class=\"pt-title-wrap text-center-mobile\">\t            <div class=\"pt-subtitle-wrap\"><span class=\"pt-subtitle color-secondary style-bordered\">Tolles Kaffeeerlebnis<\/span><\/div>\t            <h4 class=\"pt-title\">\n\t                Unsere Philosophie\t            <\/h4>\t            <div class=\"pt-title-text\">\n\t                <p>Im Caf\u00e9 Mari\u00f3n bestimmen Leidenschaft f\u00fcr Kaffee und Gastfreundschaft alles, was wir tun. Wir bereiten jedes Gericht sorgf\u00e4ltig mit frischen, hochwertigen Zutaten zu und kreieren so eine k\u00f6stliche Entdeckungsreise der dominikanischen Aromen. Unser Kaffee aus lokaler Produktion ist ein wahrer Genuss f\u00fcr Kenner. Wir legen Wert auf Hygiene, guten Geschmack und au\u00dfergew\u00f6hnlichen Service und stellen sicher, dass jedes Detail, von unseren makellosen Einrichtungen bis zur k\u00fcnstlerischen Pr\u00e4sentation unserer Gerichte, unser Engagement f\u00fcr Spitzenqualit\u00e4t widerspiegelt. Das Caf\u00e9 Mari\u00f3n ist mehr als ein Caf\u00e9 \u2013 es ist ein Ort, an dem die Werte Qualit\u00e4t, Gastfreundschaft und Liebe zur dominikanischen Kultur zusammenkommen und ein einzigartiges, unvergessliches Erlebnis bieten.<\/p>\t            <\/div>                <div class=\"pt-title-btn\">\n                    <a class=\"button elementor-button-link pt-btn-color-secondary\" role=\"button\" href=\"https:\/\/patiotime.loftocean.com\/demo8\/reservation\/\">\n                        <span class=\"pt-btn-text\">Reservierung<\/span>\n                    <\/a>\n                <\/div>\n                    <\/div>\t\t\t\t<\/div>\n\t\t\t\t<\/div>\n\t\t\t\t\t<\/div>\n\t\t<\/div>\n\t\t\t\t<div class=\"elementor-column elementor-col-25 elementor-top-column elementor-element elementor-element-3a54e90 elementor-hidden-tablet elementor-hidden-mobile\" data-id=\"3a54e90\" data-element_type=\"column\" data-e-type=\"column\">\n\t\t\t<div class=\"elementor-widget-wrap elementor-element-populated\">\n\t\t\t\t\t\t<div class=\"elementor-element elementor-element-6229257 full-height elementor-widget elementor-widget-pt_vertical_divider\" data-id=\"6229257\" data-element_type=\"widget\" data-e-type=\"widget\" data-widget_type=\"pt_vertical_divider.default\">\n\t\t\t\t<div class=\"elementor-widget-container\">\n\t\t\t\t\t\n        <div class=\"pt-vertical-divider divider-grass\">                <div class=\"pt-vd-icon icon-start\">                    <svg xmlns=\"http:\/\/www.w3.org\/2000\/svg\" viewbox=\"0 0 31.06 29.67\">\n                        <path d=\"M36.53,21.85,31.78,18s-7.5.83-9.68,16.39C22.1,34.34,25.7,21.66,36.53,21.85Z\" transform=\"translate(-5.47 -4.66)\"><\/path>\n                        <path class=\"cls-1\" d=\"M5.47,21.85,10.22,18s7.5.83,9.68,16.39C19.9,34.34,16.3,21.66,5.47,21.85Z\" transform=\"translate(-5.47 -4.66)\"><\/path>\n                        <polygon class=\"cls-1\" points=\"15.53 0 18.66 6.56 15.53 22.16 12.39 6.56 15.53 0\"><\/polygon>\n                    <\/svg>                <\/div>            <div class=\"pt-vd-line\"><\/div>                <div class=\"pt-vd-icon icon-end\">                    <svg xmlns=\"http:\/\/www.w3.org\/2000\/svg\" viewbox=\"0 0 31.06 29.67\">\n                        <path d=\"M36.53,21.85,31.78,18s-7.5.83-9.68,16.39C22.1,34.34,25.7,21.66,36.53,21.85Z\" transform=\"translate(-5.47 -4.66)\"><\/path>\n                        <path class=\"cls-1\" d=\"M5.47,21.85,10.22,18s7.5.83,9.68,16.39C19.9,34.34,16.3,21.66,5.47,21.85Z\" transform=\"translate(-5.47 -4.66)\"><\/path>\n                        <polygon class=\"cls-1\" points=\"15.53 0 18.66 6.56 15.53 22.16 12.39 6.56 15.53 0\"><\/polygon>\n                    <\/svg>                <\/div>        <\/div>\t\t\t\t<\/div>\n\t\t\t\t<\/div>\n\t\t\t\t\t<\/div>\n\t\t<\/div>\n\t\t\t\t<div class=\"elementor-column elementor-col-50 elementor-top-column elementor-element elementor-element-c877992\" data-id=\"c877992\" data-element_type=\"column\" data-e-type=\"column\">\n\t\t\t<div class=\"elementor-widget-wrap elementor-element-populated\">\n\t\t\t\t\t\t<div class=\"elementor-element elementor-element-e331710 elementor-tablet-align-center elementor-widget elementor-widget-pt_rounded_image\" data-id=\"e331710\" data-element_type=\"widget\" data-e-type=\"widget\" data-widget_type=\"pt_rounded_image.default\">\n\t\t\t\t<div class=\"elementor-widget-container\">\n\t\t\t\t\t\t\t\t\t<div class=\"pt-rounded-image\" style=\"border-radius: var(--rounded) var(--rounded) 0 0;\">\n\t\t\t\t\t\t\t\t\t\t<img decoding=\"async\" width=\"800\" height=\"1122\" src=\"https:\/\/www.marion.do\/wp-content\/uploads\/2022\/04\/mike-marquez-384421-unsplash.jpg\" class=\"attachment-full size-full wp-image-6234\" alt=\"\" srcset=\"https:\/\/www.marion.do\/wp-content\/uploads\/2022\/04\/mike-marquez-384421-unsplash.jpg 800w, https:\/\/www.marion.do\/wp-content\/uploads\/2022\/04\/mike-marquez-384421-unsplash-107x150.jpg 107w, https:\/\/www.marion.do\/wp-content\/uploads\/2022\/04\/mike-marquez-384421-unsplash-600x842.jpg 600w, https:\/\/www.marion.do\/wp-content\/uploads\/2022\/04\/mike-marquez-384421-unsplash-214x300.jpg 214w, https:\/\/www.marion.do\/wp-content\/uploads\/2022\/04\/mike-marquez-384421-unsplash-730x1024.jpg 730w, https:\/\/www.marion.do\/wp-content\/uploads\/2022\/04\/mike-marquez-384421-unsplash-768x1077.jpg 768w, https:\/\/www.marion.do\/wp-content\/uploads\/2022\/04\/mike-marquez-384421-unsplash-780x1094.jpg 780w, https:\/\/www.marion.do\/wp-content\/uploads\/2022\/04\/mike-marquez-384421-unsplash-550x771.jpg 550w, https:\/\/www.marion.do\/wp-content\/uploads\/2022\/04\/mike-marquez-384421-unsplash-370x519.jpg 370w, https:\/\/www.marion.do\/wp-content\/uploads\/2022\/04\/mike-marquez-384421-unsplash-255x358.jpg 255w\" sizes=\"(max-width: 800px) 100vw, 800px\" \/>\t\t\t\t\t\t\t\t\t<\/div>\t\t\t\t<\/div>\n\t\t\t\t<\/div>\n\t\t\t\t\t<\/div>\n\t\t<\/div>\n\t\t\t\t\t<\/div>\n\t\t<\/section>\n\t\t\t\t<\/div>","protected":false},"excerpt":{"rendered":"<p>\u00dcber uns! Willkommen im Caf\u00e9 Mari\u00f3n. Unsere Geschichte: Das Caf\u00e9 Mari\u00f3n ist eine charmante, gem\u00fctliche Oase im Herzen von Cabarete und verk\u00f6rpert die Essenz authentischer dominikanischer K\u00fcche. Vom ersten Moment an werden Sie von einer warmen, einladenden Atmosph\u00e4re begr\u00fc\u00dft, in der leuchtende Farben und traditionelle Elemente die dominikanische Kultur mit europ\u00e4ischem Touch widerspiegeln. Unser \u2026<\/p>","protected":false},"author":1,"featured_media":0,"parent":0,"menu_order":0,"comment_status":"closed","ping_status":"closed","template":"template-wide-content.php","meta":{"patiotime_single_page_hide_site_header":"","patiotime_single_page_site_header_source":"","patiotime_single_page_custom_site_header":"0","patiotime_single_page_custom_sticky_site_header":"0","patiotime_single_page_custom_page_title_margin_top_source":"","patiotime_single_page_custom_page_title_desktop_margin_top":"","patiotime_single_page_custom_page_title_tablet_margin_top":"","patiotime_single_page_custom_page_title_mobile_margin_top":"","patiotime_single_page_hide_page_title":"on","patiotime_single_page_header_section_size":"","patiotime_single_page_header_background_color":"","patiotime_single_page_header_background_position_x":"center","patiotime_single_page_header_background_position_y":"center","patiotime_single_page_header_background_size":"cover","patiotime_single_page_header_background_repeat":"off","patiotime_single_page_header_background_scroll":"on","patiotime_single_page_header_text_color":"","patiotime_single_page_header_show_breadcrumb":"","patiotime_single_page_site_footer_hide_main":"","patiotime_single_custom_site_footer_main_source":"","patiotime_single_custom_site_footer_main":"0","patiotime_single_page_site_footer_hide_above":"","patiotime_single_custom_site_footer_above_source":"","patiotime_single_custom_site_footer_above":"0","patiotime_single_page_site_footer_hide_instagram":"","patiotime_single_page_site_footer_hide_bottom":"","patiotime_single_custom_mobile_menu_source":"","patiotime_single_custom_mobile_menu":"0","patiotime_single_custom_mobile_menu_animation":"","patiotime_single_custom_mobile_menu_width":"","patiotime_single_custom_mobile_menu_custom_width":375,"footnotes":""},"class_list":["post-4890","page","type-page","status-publish","hentry"],"_links":{"self":[{"href":"https:\/\/www.marion.do\/de\/wp-json\/wp\/v2\/pages\/4890","targetHints":{"allow":["GET"]}}],"collection":[{"href":"https:\/\/www.marion.do\/de\/wp-json\/wp\/v2\/pages"}],"about":[{"href":"https:\/\/www.marion.do\/de\/wp-json\/wp\/v2\/types\/page"}],"author":[{"embeddable":true,"href":"https:\/\/www.marion.do\/de\/wp-json\/wp\/v2\/users\/1"}],"replies":[{"embeddable":true,"href":"https:\/\/www.marion.do\/de\/wp-json\/wp\/v2\/comments?post=4890"}],"version-history":[{"count":0,"href":"https:\/\/www.marion.do\/de\/wp-json\/wp\/v2\/pages\/4890\/revisions"}],"wp:attachment":[{"href":"https:\/\/www.marion.do\/de\/wp-json\/wp\/v2\/media?parent=4890"}],"curies":[{"name":"wp","href":"https:\/\/api.w.org\/{rel}","templated":true}]}}